{"id":187,"date":"2014-10-29T10:53:26","date_gmt":"2014-10-29T09:53:26","guid":{"rendered":"http:\/\/www.gut-stubbe.de\/landwirtschaft\/?page_id=187"},"modified":"2019-11-27T11:54:40","modified_gmt":"2019-11-27T10:54:40","slug":"philosophie","status":"publish","type":"page","link":"https:\/\/www.gut-stubbe.de\/landwirtschaft\/philosophie.html","title":{"rendered":"Philosophie"},"content":{"rendered":"<div  class='flex_column av-qdf5n-357f77672c8506c15a7900da529799fd av_one_full  avia-builder-el-0  avia-builder-el-no-sibling  first flex_column_div  '     ><p>\n<style type=\"text\/css\" data-created_by=\"avia_inline_auto\" id=\"style-css-av-av_heading-b4af27c912be58a9c7eda2b43aa7ef35\">\n#top .av-special-heading.av-av_heading-b4af27c912be58a9c7eda2b43aa7ef35{\npadding-bottom:10px;\n}\nbody .av-special-heading.av-av_heading-b4af27c912be58a9c7eda2b43aa7ef35 .av-special-heading-tag .heading-char{\nfont-size:25px;\n}\n.av-special-heading.av-av_heading-b4af27c912be58a9c7eda2b43aa7ef35 .av-subheading{\nfont-size:15px;\n}\n<\/style>\n<div  class='av-special-heading av-av_heading-b4af27c912be58a9c7eda2b43aa7ef35 av-special-heading-h2 meta-heading  avia-builder-el-1  el_before_av_textblock  avia-builder-el-first '><h2 class='av-special-heading-tag '  itemprop=\"headline\"  >Philosophie des Landwirtschaftsbetriebes Gut Stubbe<\/h2><div class=\"special-heading-border\"><div class=\"special-heading-inner-border\"><\/div><\/div><\/div><br \/>\n<section  class='av_textblock_section av-eu6ur-de0ceacb6e75cf3ef332b70cd6104ae2 '   itemscope=\"itemscope\" itemtype=\"https:\/\/schema.org\/CreativeWork\" ><div class='avia_textblock'  itemprop=\"text\" ><p>Auf Gut Stubbe halten wir Aberdeen Angus Rinder, Angler Sattelschweine, H\u00fchner und G\u00e4nse und produzieren Fleisch und Eier.<\/p>\n<ul>\n<li>Bei uns leben die Tiere absolut tiergerecht.<\/li>\n<li>Sie haben Zeit zu wachsen.<\/li>\n<li>Unsere Rinder ern\u00e4hren sich von Gras, Heu oder Grassilage<\/li>\n<li>Unsere Angusrinder bleiben nach der Geburt ein halbes Jahr bei der Mutter auf der Weide.<\/li>\n<li>Die Angler Sattelschweine werden auf Gut Stubbe geboren.<\/li>\n<li>Sie haben viel Platz und w\u00e4hlen zwischen Stroh oder Auslauf.<\/li>\n<li>Die Schweine werden mit reinen Ackerfr\u00fcchten, Gem\u00fcse und Obst ern\u00e4hrt.<\/li>\n<li>Viel Bewegung und eine lange Mastdauer garantieren ein gesundes Wachstum.<\/li>\n<li>Unsere H\u00fchner laufen frei auf dem Hof und unseren Koppeln.<\/li>\n<li>Die G\u00e4nse sind jeden Tag auf den Weiden und zupfen Gras.<\/li>\n<li>Langsames Wachstum und nat\u00fcrliches Futter ohne Mastzus\u00e4tze sorgen f\u00fcr gesunde Tiere.<\/li>\n<\/ul>\n<p>Von der Herkunft \u00fcber Haltung und F\u00fctterung bis zu den einzelnen Produkten gilt unsere <strong>Philosophie<\/strong>: wenn Qualit\u00e4t herauskommen soll, muss auch Qualit\u00e4t hineingesteckt werden. Weil das nicht in Massen geht, produzieren wir lieber etwas weniger, daf\u00fcr aber besser.<\/p>\n<p>Die nachstehenden Bilder geben einen kleinen <strong>Einblick in den Landwirtschaftsbetrieb<\/strong> Gut Stubbe.<\/p>\n<\/div><\/section><br \/>\n<div id='philosophie' class='av-masonry av-b9njf-7809d5936f4b98cbfd1445cdc53923a8 noHover av-fixed-size av-large-gap av-hover-overlay- av-masonry-animation-active av-masonry-col-3 av-caption-on-hover av-caption-style- av-masonry-gallery ' data-post_id=\"187\"><div class=\"av-masonry-container isotope av-js-disabled\"><div class='av-masonry-entry isotope-item av-masonry-item-no-image '><\/div><a href=\"https:\/\/www.gut-stubbe.de\/mo\/uploads\/sites\/3\/1309BbZZ04.jpg\"  aria-label=\"Bild Blick vom Glockenturm Gut Stubbe zum Herrenhaus\"  id='av-masonry-1-item-378' data-av-masonry-item='378' class='av-masonry-entry isotope-item post-378 attachment type-attachment status-inherit hentry  av-masonry-item-with-image av-grid-img' title=\"Blick vom Glockenturm Gut Stubbe zum Herrenhaus\" alt=\"Blick vom Glockenturm Gut Stubbe zum Herrenhaus\"    itemprop=\"thumbnailUrl\" ><div class='av-inner-masonry-sizer'><\/div><figure class='av-inner-masonry main_color'><div class=\"av-masonry-outerimage-container\"><div class='av-masonry-image-container' style=\"background-image: url(https:\/\/www.gut-stubbe.de\/mo\/uploads\/sites\/3\/1309BbZZ04-462x705.jpg);\"  title=\"Blick vom Glockenturm Gut Stubbe zum Herrenhaus\" ><\/div><\/div><figcaption class='av-inner-masonry-content site-background'><div class='av-inner-masonry-content-pos'><div class='av-inner-masonry-content-pos-content'><div class='avia-arrow'><\/div><h3 class='av-masonry-entry-title entry-title '  itemprop=\"headline\" >Blick vom Glockenturm Gut Stubbe zum Herrenhaus<\/h3><\/div><\/div><\/figcaption><\/figure><\/a><!--end av-masonry entry--><a href=\"https:\/\/www.gut-stubbe.de\/mo\/uploads\/sites\/3\/1309BbZZ18.jpg\"  aria-label=\"Bild Blick vom Glockenturm Gut Stubbe zum Herrenhaus\"  id='av-masonry-1-item-379' data-av-masonry-item='379' class='av-masonry-entry isotope-item post-379 attachment type-attachment status-inherit hentry  av-masonry-item-with-image av-grid-img' title=\"Blick vom Glockenturm Gut Stubbe zum Herrenhaus\" alt=\"Blick vom Glockenturm Gut Stubbe zum Herrenhaus\"    itemprop=\"thumbnailUrl\" ><div class='av-inner-masonry-sizer'><\/div><figure class='av-inner-masonry main_color'><div class=\"av-masonry-outerimage-container\"><div class='av-masonry-image-container' style=\"background-image: url(https:\/\/www.gut-stubbe.de\/mo\/uploads\/sites\/3\/1309BbZZ18-440x705.jpg);\"  title=\"Blick vom Glockenturm Gut Stubbe zum Herrenhaus\" ><\/div><\/div><figcaption class='av-inner-masonry-content site-background'><div class='av-inner-masonry-content-pos'><div class='av-inner-masonry-content-pos-content'><div class='avia-arrow'><\/div><h3 class='av-masonry-entry-title entry-title '  itemprop=\"headline\" >Blick vom Glockenturm Gut Stubbe zum Herrenhaus<\/h3><\/div><\/div><\/figcaption><\/figure><\/a><!--end av-masonry entry--><a href=\"https:\/\/www.gut-stubbe.de\/mo\/uploads\/sites\/3\/1309BbZZ168.jpg\"  aria-label=\"Bild Blick vom Glockenturm Gut Stubbe zum Herrenhaus\"  id='av-masonry-1-item-380' data-av-masonry-item='380' class='av-masonry-entry isotope-item post-380 attachment type-attachment status-inherit hentry  av-masonry-item-with-image av-grid-img' title=\"Blick vom Glockenturm Gut Stubbe zum Herrenhaus\" alt=\"Blick vom Glockenturm Gut Stubbe zum Herrenhaus\"    itemprop=\"thumbnailUrl\" ><div class='av-inner-masonry-sizer'><\/div><figure class='av-inner-masonry main_color'><div class=\"av-masonry-outerimage-container\"><div class='av-masonry-image-container' style=\"background-image: url(https:\/\/www.gut-stubbe.de\/mo\/uploads\/sites\/3\/1309BbZZ168-460x705.jpg);\"  title=\"Blick vom Glockenturm Gut Stubbe zum Herrenhaus\" ><\/div><\/div><figcaption class='av-inner-masonry-content site-background'><div class='av-inner-masonry-content-pos'><div class='av-inner-masonry-content-pos-content'><div class='avia-arrow'><\/div><h3 class='av-masonry-entry-title entry-title '  itemprop=\"headline\" >Blick vom Glockenturm Gut Stubbe zum Herrenhaus<\/h3><\/div><\/div><\/figcaption><\/figure><\/a><!--end av-masonry entry--><a href=\"https:\/\/www.gut-stubbe.de\/mo\/uploads\/sites\/3\/IMG_2509.jpg\"  aria-label=\"Bild Artgerechte H\u00fchnerhaltung auf Gut Stubbe\"  id='av-masonry-1-item-375' data-av-masonry-item='375' class='av-masonry-entry isotope-item post-375 attachment type-attachment status-inherit hentry  av-masonry-item-with-image av-grid-img' title=\"Artgerechte H\u00fchnerhaltung auf Gut Stubbe\" alt=\"Artgerechte H\u00fchnerhaltung auf Gut Stubbe\"    itemprop=\"thumbnailUrl\" ><div class='av-inner-masonry-sizer'><\/div><figure class='av-inner-masonry main_color'><div class=\"av-masonry-outerimage-container\"><div class='av-masonry-image-container' style=\"background-image: url(https:\/\/www.gut-stubbe.de\/mo\/uploads\/sites\/3\/IMG_2509-705x528.jpg);\"  title=\"Artgerechte H\u00fchnerhaltung auf Gut Stubbe\" ><\/div><\/div><figcaption class='av-inner-masonry-content site-background'><div class='av-inner-masonry-content-pos'><div class='av-inner-masonry-content-pos-content'><div class='avia-arrow'><\/div><h3 class='av-masonry-entry-title entry-title '  itemprop=\"headline\" >Artgerechte H\u00fchnerhaltung auf Gut Stubbe<\/h3><\/div><\/div><\/figcaption><\/figure><\/a><!--end av-masonry entry--><a href=\"https:\/\/www.gut-stubbe.de\/mo\/uploads\/sites\/3\/1309GstZZ710.jpg\"  aria-label=\"Bild Verwaltung im Landwirtschaftsbetrieb Gut Stubbe\"  id='av-masonry-1-item-381' data-av-masonry-item='381' class='av-masonry-entry isotope-item post-381 attachment type-attachment status-inherit hentry  av-masonry-item-with-image av-grid-img' title=\"Verwaltung im Landwirtschaftsbetrieb Gut Stubbe\" alt=\"Verwaltung im Landwirtschaftsbetrieb Gut Stubbe\"    itemprop=\"thumbnailUrl\" ><div class='av-inner-masonry-sizer'><\/div><figure class='av-inner-masonry main_color'><div class=\"av-masonry-outerimage-container\"><div class='av-masonry-image-container' style=\"background-image: url(https:\/\/www.gut-stubbe.de\/mo\/uploads\/sites\/3\/1309GstZZ710-469x705.jpg);\"  title=\"Verwaltung im Landwirtschaftsbetrieb Gut Stubbe\" ><\/div><\/div><figcaption class='av-inner-masonry-content site-background'><div class='av-inner-masonry-content-pos'><div class='av-inner-masonry-content-pos-content'><div class='avia-arrow'><\/div><h3 class='av-masonry-entry-title entry-title '  itemprop=\"headline\" >Verwaltung im Landwirtschaftsbetrieb Gut Stubbe<\/h3><\/div><\/div><\/figcaption><\/figure><\/a><!--end av-masonry entry--><a href=\"https:\/\/www.gut-stubbe.de\/mo\/uploads\/sites\/3\/IMG_1273_rs.jpg\"  aria-label=\"Bild Aberdeen Angus Rinder auf den Weiden des Gut Stubbe\"  id='av-masonry-1-item-321' data-av-masonry-item='321' class='av-masonry-entry isotope-item post-321 attachment type-attachment status-inherit hentry  av-masonry-item-with-image av-grid-img' title=\"Aberdeen Angus Rinder auf den Weiden des Gut Stubbe\" alt=\"Aberdeen Angus Rinder auf den Weiden des Gut Stubbe\"    itemprop=\"thumbnailUrl\" ><div class='av-inner-masonry-sizer'><\/div><figure class='av-inner-masonry main_color'><div class=\"av-masonry-outerimage-container\"><div class='av-masonry-image-container' style=\"background-image: url(https:\/\/www.gut-stubbe.de\/mo\/uploads\/sites\/3\/IMG_1273_rs-705x528.jpg);\"  title=\"Aberdeen Angus Rinder auf den Weiden des Gut Stubbe\" ><\/div><\/div><figcaption class='av-inner-masonry-content site-background'><div class='av-inner-masonry-content-pos'><div class='av-inner-masonry-content-pos-content'><div class='avia-arrow'><\/div><h3 class='av-masonry-entry-title entry-title '  itemprop=\"headline\" >Aberdeen Angus Rinder auf den Weiden des Gut Stubbe<\/h3><\/div><\/div><\/figcaption><\/figure><\/a><!--end av-masonry entry--><a href=\"https:\/\/www.gut-stubbe.de\/mo\/uploads\/sites\/3\/1309StbZZ1180.jpg\"  aria-label=\"Bild Stallungen und Lagerhaus auf Gut Stubbe\"  id='av-masonry-1-item-382' data-av-masonry-item='382' class='av-masonry-entry isotope-item post-382 attachment type-attachment status-inherit hentry  av-masonry-item-with-image av-grid-img' title=\"Stallungen und Lagerhaus auf Gut Stubbe\" alt=\"Stallungen und Lagerhaus auf Gut Stubbe\"    itemprop=\"thumbnailUrl\" ><div class='av-inner-masonry-sizer'><\/div><figure class='av-inner-masonry main_color'><div class=\"av-masonry-outerimage-container\"><div class='av-masonry-image-container' style=\"background-image: url(https:\/\/www.gut-stubbe.de\/mo\/uploads\/sites\/3\/1309StbZZ1180-705x468.jpg);\"  title=\"Stallungen und Lagerhaus auf Gut Stubbe\" ><\/div><\/div><figcaption class='av-inner-masonry-content site-background'><div class='av-inner-masonry-content-pos'><div class='av-inner-masonry-content-pos-content'><div class='avia-arrow'><\/div><h3 class='av-masonry-entry-title entry-title '  itemprop=\"headline\" >Stallungen und Lagerhaus auf Gut Stubbe<\/h3><\/div><\/div><\/figcaption><\/figure><\/a><!--end av-masonry entry--><a href=\"https:\/\/www.gut-stubbe.de\/mo\/uploads\/sites\/3\/1309StbZZ1208.jpg\"  aria-label=\"Bild Das Herrenhaus auf Gut Stubbe in Rieseby\"  id='av-masonry-1-item-383' data-av-masonry-item='383' class='av-masonry-entry isotope-item post-383 attachment type-attachment status-inherit hentry  av-masonry-item-with-image av-grid-img' title=\"Das Herrenhaus auf Gut Stubbe in Rieseby\" alt=\"Das Herrenhaus auf Gut Stubbe in Rieseby\"    itemprop=\"thumbnailUrl\" ><div class='av-inner-masonry-sizer'><\/div><figure class='av-inner-masonry main_color'><div class=\"av-masonry-outerimage-container\"><div class='av-masonry-image-container' style=\"background-image: url(https:\/\/www.gut-stubbe.de\/mo\/uploads\/sites\/3\/1309StbZZ1208-469x705.jpg);\"  title=\"Das Herrenhaus auf Gut Stubbe in Rieseby\" ><\/div><\/div><figcaption class='av-inner-masonry-content site-background'><div class='av-inner-masonry-content-pos'><div class='av-inner-masonry-content-pos-content'><div class='avia-arrow'><\/div><h3 class='av-masonry-entry-title entry-title '  itemprop=\"headline\" >Das Herrenhaus auf Gut Stubbe in Rieseby<\/h3><\/div><\/div><\/figcaption><\/figure><\/a><!--end av-masonry entry--><a href=\"https:\/\/www.gut-stubbe.de\/mo\/uploads\/sites\/3\/1309StbZZ1560_rs.jpg\"  aria-label=\"Bild Gut Stubbe in Rieseby an der Schlei\"  id='av-masonry-1-item-386' data-av-masonry-item='386' class='av-masonry-entry isotope-item post-386 attachment type-attachment status-inherit hentry  av-masonry-item-with-image av-grid-img' title=\"Gut Stubbe in Rieseby an der Schlei\" alt=\"Gut Stubbe in Rieseby an der Schlei\"    itemprop=\"thumbnailUrl\" ><div class='av-inner-masonry-sizer'><\/div><figure class='av-inner-masonry main_color'><div class=\"av-masonry-outerimage-container\"><div class='av-masonry-image-container' style=\"background-image: url(https:\/\/www.gut-stubbe.de\/mo\/uploads\/sites\/3\/1309StbZZ1560_rs-705x468.jpg);\"  title=\"Gut Stubbe in Rieseby an der Schlei\" ><\/div><\/div><figcaption class='av-inner-masonry-content site-background'><div class='av-inner-masonry-content-pos'><div class='av-inner-masonry-content-pos-content'><div class='avia-arrow'><\/div><h3 class='av-masonry-entry-title entry-title '  itemprop=\"headline\" >Gut Stubbe in Rieseby an der Schlei<\/h3><\/div><\/div><\/figcaption><\/figure><\/a><!--end av-masonry entry--><a href=\"https:\/\/www.gut-stubbe.de\/mo\/uploads\/sites\/3\/IMG_1254_rs.jpg\"  aria-label=\"Bild Gew\u00e4chshaus und Hofladen auf Gut Stubbe\"  id='av-masonry-1-item-388' data-av-masonry-item='388' class='av-masonry-entry isotope-item post-388 attachment type-attachment status-inherit hentry  av-masonry-item-with-image av-grid-img' title=\"Gew\u00e4chshaus und Hofladen auf Gut Stubbe\" alt=\"Gew\u00e4chshaus und Hofladen auf Gut Stubbe\"    itemprop=\"thumbnailUrl\" ><div class='av-inner-masonry-sizer'><\/div><figure class='av-inner-masonry main_color'><div class=\"av-masonry-outerimage-container\"><div class='av-masonry-image-container' style=\"background-image: url(https:\/\/www.gut-stubbe.de\/mo\/uploads\/sites\/3\/IMG_1254_rs-705x528.jpg);\"  title=\"Gew\u00e4chshaus und Hofladen auf Gut Stubbe\" ><\/div><\/div><figcaption class='av-inner-masonry-content site-background'><div class='av-inner-masonry-content-pos'><div class='av-inner-masonry-content-pos-content'><div class='avia-arrow'><\/div><h3 class='av-masonry-entry-title entry-title '  itemprop=\"headline\" >Gew\u00e4chshaus und Hofladen auf Gut Stubbe<\/h3><\/div><\/div><\/figcaption><\/figure><\/a><!--end av-masonry entry--><a href=\"https:\/\/www.gut-stubbe.de\/mo\/uploads\/sites\/3\/IMG_2523.jpg\"  aria-label=\"Bild G\u00e4nse auf den Wiesen des Gut Stubbe\"  id='av-masonry-1-item-365' data-av-masonry-item='365' class='av-masonry-entry isotope-item post-365 attachment type-attachment status-inherit hentry  av-masonry-item-with-image av-grid-img' title=\"G\u00e4nse auf den Wiesen des Gut Stubbe\" alt=\"G\u00e4nse auf den Wiesen des Gut Stubbe\"    itemprop=\"thumbnailUrl\" ><div class='av-inner-masonry-sizer'><\/div><figure class='av-inner-masonry main_color'><div class=\"av-masonry-outerimage-container\"><div class='av-masonry-image-container' style=\"background-image: url(https:\/\/www.gut-stubbe.de\/mo\/uploads\/sites\/3\/IMG_2523-705x528.jpg);\"  title=\"G\u00e4nse auf den Wiesen des Gut Stubbe\" ><\/div><\/div><figcaption class='av-inner-masonry-content site-background'><div class='av-inner-masonry-content-pos'><div class='av-inner-masonry-content-pos-content'><div class='avia-arrow'><\/div><h3 class='av-masonry-entry-title entry-title '  itemprop=\"headline\" >G\u00e4nse auf den Wiesen des Gut Stubbe<\/h3><\/div><\/div><\/figcaption><\/figure><\/a><!--end av-masonry entry--><a href=\"https:\/\/www.gut-stubbe.de\/mo\/uploads\/sites\/3\/MRS_0477_rs.jpg\"  aria-label=\"Bild Verwaltung Gut Stubbe in Rieseby an der Schlei\"  id='av-masonry-1-item-391' data-av-masonry-item='391' class='av-masonry-entry isotope-item post-391 attachment type-attachment status-inherit hentry  av-masonry-item-with-image av-grid-img' title=\"Verwaltung Gut Stubbe in Rieseby an der Schlei\" alt=\"Verwaltung Gut Stubbe in Rieseby an der Schlei\"    itemprop=\"thumbnailUrl\" ><div class='av-inner-masonry-sizer'><\/div><figure class='av-inner-masonry main_color'><div class=\"av-masonry-outerimage-container\"><div class='av-masonry-image-container' style=\"background-image: url(https:\/\/www.gut-stubbe.de\/mo\/uploads\/sites\/3\/MRS_0477_rs-705x470.jpg);\"  title=\"Verwaltung Gut Stubbe in Rieseby an der Schlei\" ><\/div><\/div><figcaption class='av-inner-masonry-content site-background'><div class='av-inner-masonry-content-pos'><div class='av-inner-masonry-content-pos-content'><div class='avia-arrow'><\/div><h3 class='av-masonry-entry-title entry-title '  itemprop=\"headline\" >Verwaltung Gut Stubbe in Rieseby an der Schlei<\/h3><\/div><\/div><\/figcaption><\/figure><\/a><!--end av-masonry entry--><a href=\"https:\/\/www.gut-stubbe.de\/mo\/uploads\/sites\/3\/MRS_0650_rs.jpg\"  aria-label=\"Bild Nachwuchs bei den Aberdeen Angus auf Gut Stubbe\"  id='av-masonry-1-item-335' data-av-masonry-item='335' class='av-masonry-entry isotope-item post-335 attachment type-attachment status-inherit hentry  av-masonry-item-with-image av-grid-img' title=\"Nachwuchs bei den Aberdeen Angus auf Gut Stubbe\" alt=\"Nachwuchs bei den Aberdeen Angus auf Gut Stubbe\"    itemprop=\"thumbnailUrl\" ><div class='av-inner-masonry-sizer'><\/div><figure class='av-inner-masonry main_color'><div class=\"av-masonry-outerimage-container\"><div class='av-masonry-image-container' style=\"background-image: url(https:\/\/www.gut-stubbe.de\/mo\/uploads\/sites\/3\/MRS_0650_rs-705x470.jpg);\"  title=\"Nachwuchs bei den Aberdeen Angus auf Gut Stubbe\" ><\/div><\/div><figcaption class='av-inner-masonry-content site-background'><div class='av-inner-masonry-content-pos'><div class='av-inner-masonry-content-pos-content'><div class='avia-arrow'><\/div><h3 class='av-masonry-entry-title entry-title '  itemprop=\"headline\" >Nachwuchs bei den Aberdeen Angus auf Gut Stubbe<\/h3><\/div><\/div><\/figcaption><\/figure><\/a><!--end av-masonry entry--><a href=\"https:\/\/www.gut-stubbe.de\/mo\/uploads\/sites\/3\/1309StbZZ698.jpg\"  aria-label=\"Bild Angler Sattelschwein beim D\u00f6sen in der Sonne auf Gut Stubbe\"  id='av-masonry-1-item-295' data-av-masonry-item='295' class='av-masonry-entry isotope-item post-295 attachment type-attachment status-inherit hentry  av-masonry-item-with-image av-grid-img' title=\"Angler Sattelschwein beim D\u00f6sen in der Sonne auf Gut Stubbe\" alt=\"Angler Sattelschwein beim D\u00f6sen in der Sonne auf Gut Stubbe\"    itemprop=\"thumbnailUrl\" ><div class='av-inner-masonry-sizer'><\/div><figure class='av-inner-masonry main_color'><div class=\"av-masonry-outerimage-container\"><div class='av-masonry-image-container' style=\"background-image: url(https:\/\/www.gut-stubbe.de\/mo\/uploads\/sites\/3\/1309StbZZ698-705x468.jpg);\"  title=\"Angler Sattelschwein beim D\u00f6sen in der Sonne auf Gut Stubbe\" ><\/div><\/div><figcaption class='av-inner-masonry-content site-background'><div class='av-inner-masonry-content-pos'><div class='av-inner-masonry-content-pos-content'><div class='avia-arrow'><\/div><h3 class='av-masonry-entry-title entry-title '  itemprop=\"headline\" >Angler Sattelschwein beim D\u00f6sen in der Sonne auf Gut Stubbe<\/h3><\/div><\/div><\/figcaption><\/figure><\/a><!--end av-masonry entry--><a href=\"https:\/\/www.gut-stubbe.de\/mo\/uploads\/sites\/3\/MRS_0763_rs-1.jpg\"  aria-label=\"Bild Aberdeen Angus Rinderzucht auf Gut Stubbe\"  id='av-masonry-1-item-341' data-av-masonry-item='341' class='av-masonry-entry isotope-item post-341 attachment type-attachment status-inherit hentry  av-masonry-item-with-image av-grid-img' title=\"Aberdeen Angus Rinderzucht auf Gut Stubbe\" alt=\"Aberdeen Angus Rinderzucht auf Gut Stubbe\"    itemprop=\"thumbnailUrl\" ><div class='av-inner-masonry-sizer'><\/div><figure class='av-inner-masonry main_color'><div class=\"av-masonry-outerimage-container\"><div class='av-masonry-image-container' style=\"background-image: url(https:\/\/www.gut-stubbe.de\/mo\/uploads\/sites\/3\/MRS_0763_rs-1-705x470.jpg);\"  title=\"Aberdeen Angus Rinderzucht auf Gut Stubbe\" ><\/div><\/div><figcaption class='av-inner-masonry-content site-background'><div class='av-inner-masonry-content-pos'><div class='av-inner-masonry-content-pos-content'><div class='avia-arrow'><\/div><h3 class='av-masonry-entry-title entry-title '  itemprop=\"headline\" >Aberdeen Angus Rinderzucht auf Gut Stubbe<\/h3><\/div><\/div><\/figcaption><\/figure><\/a><!--end av-masonry entry--><\/div><a class='av-masonry-pagination av-masonry-load-more' href='#load-more'  data-ids='378,379,380,375,381,321,382,383,386,388,365,391,335,295,341,392,393,394,395,396,323,397,398,399,301,400,401,311,674,690'  data-ids_dynamic=''  data-caption_elements='title'  data-caption_styling=''  data-caption_display='on-hover'  data-img_copyright=''  data-size='fixed masonry'  data-orientation=''  data-image_size='masonry'  data-gap='large'  data-columns='3'  data-av-desktop-columns=''  data-av-medium-columns=''  data-av-small-columns=''  data-av-mini-columns=''  data-items='15'  data-paginate='load_more'  data-color=''  data-custom_bg=''  data-img_copyright_font=''  data-av-desktop-font-img_copyright_font=''  data-av-medium-font-img_copyright_font=''  data-av-small-font-img_copyright_font=''  data-av-mini-font-img_copyright_font=''  data-img_copyright_color=''  data-img_copyright_bg=''  data-animation='active'  data-animation_duration=''  data-animation_custom_bg_color=''  data-animation_custom_bg_color_multi_list=''  data-animation_z_index_curtain='100'  data-overlay_fx=''  data-container_links='active'  data-link_dest=''  data-lightbox_text=''  data-img_scrset=''  data-lazy_loading='disabled'  data-av-desktop-hide=''  data-av-medium-hide=''  data-av-small-hide=''  data-av-mini-hide=''  data-alb_description=''  data-id='philosophie'  data-custom_class=''  data-template_class=''  data-av_uid='av-b9njf'  data-sc_version='1.0'  data-action=''  data-link='category'  data-post_type='post, page, attachment, revision, nav_menu_item, custom_css, customize_changeset, oembed_cache, user_request, wp_block, wp_template, wp_template_part, wp_global_styles, wp_navigation, wp_font_family, wp_font_face, alb_custom_layout, ppfuture_workflow, portfolio, avia_framework_post'  data-term_rel='IN'  data-offset='0'  data-container_class='av-masonry-gallery'  data-wc_prod_visible=''  data-wc_prod_hidden=''  data-wc_prod_featured=''  data-prod_order_by=''  data-prod_order=''  data-sort='no'  data-auto_ratio='1.7'  data-set_breadcrumb='1'  data-custom_markup=''  data-query_orderby='date'  data-query_order='DESC'  data-date_filter=''  data-date_filter_start=''  data-date_filter_end=''  data-date_filter_format='yy\/mm\/dd'  data-period_filter_unit_1=''  data-period_filter_unit_2=''  data-page_element_filter=''  data-avno='2f7326f10c'>Mehr laden<\/a><\/div><\/p><\/div>","protected":false},"excerpt":{"rendered":"","protected":false},"author":1,"featured_media":0,"parent":0,"menu_order":1,"comment_status":"closed","ping_status":"closed","template":"","meta":{"footnotes":""},"class_list":["post-187","page","type-page","status-publish","hentry"],"publishpress_future_action":{"enabled":false,"date":"2026-05-21 18:37:31","action":"change-status","newStatus":"draft","terms":[],"taxonomy":"","extraData":[]},"publishpress_future_workflow_manual_trigger":{"enabledWorkflows":[]},"_links":{"self":[{"href":"https:\/\/www.gut-stubbe.de\/landwirtschaft\/wp-json\/wp\/v2\/pages\/187","targetHints":{"allow":["GET"]}}],"collection":[{"href":"https:\/\/www.gut-stubbe.de\/landwirtschaft\/wp-json\/wp\/v2\/pages"}],"about":[{"href":"https:\/\/www.gut-stubbe.de\/landwirtschaft\/wp-json\/wp\/v2\/types\/page"}],"author":[{"embeddable":true,"href":"https:\/\/www.gut-stubbe.de\/landwirtschaft\/wp-json\/wp\/v2\/users\/1"}],"replies":[{"embeddable":true,"href":"https:\/\/www.gut-stubbe.de\/landwirtschaft\/wp-json\/wp\/v2\/comments?post=187"}],"version-history":[{"count":5,"href":"https:\/\/www.gut-stubbe.de\/landwirtschaft\/wp-json\/wp\/v2\/pages\/187\/revisions"}],"predecessor-version":[{"id":385,"href":"https:\/\/www.gut-stubbe.de\/landwirtschaft\/wp-json\/wp\/v2\/pages\/187\/revisions\/385"}],"wp:attachment":[{"href":"https:\/\/www.gut-stubbe.de\/landwirtschaft\/wp-json\/wp\/v2\/media?parent=187"}],"curies":[{"name":"wp","href":"https:\/\/api.w.org\/{rel}","templated":true}]}}