{"id":2,"date":"2014-07-24T10:28:49","date_gmt":"2014-07-24T08:28:49","guid":{"rendered":"http:\/\/www.gut-stubbe.de\/landwirtschaft\/?page_id=2"},"modified":"2019-10-17T18:09:01","modified_gmt":"2019-10-17T16:09:01","slug":"landwirtschaft","status":"publish","type":"page","link":"https:\/\/www.gut-stubbe.de\/landwirtschaft\/","title":{"rendered":"Landwirtschaft"},"content":{"rendered":"\n<style type=\"text\/css\" data-created_by=\"avia_inline_auto\" id=\"style-css-av-av_heading-31c50c6b99eb0c6e16492379956bb74e\">\n#top .av-special-heading.av-av_heading-31c50c6b99eb0c6e16492379956bb74e{\npadding-bottom:10px;\n}\nbody .av-special-heading.av-av_heading-31c50c6b99eb0c6e16492379956bb74e .av-special-heading-tag .heading-char{\nfont-size:25px;\n}\n.av-special-heading.av-av_heading-31c50c6b99eb0c6e16492379956bb74e .av-subheading{\nfont-size:15px;\n}\n<\/style>\n<div  class='av-special-heading av-av_heading-31c50c6b99eb0c6e16492379956bb74e av-special-heading-h2 meta-heading  avia-builder-el-0  el_before_av_hr  avia-builder-el-first '><h2 class='av-special-heading-tag '  itemprop=\"headline\"  >Herzlich Willkommen im Landwirtschaftsbetrieb Gut Stubbe<\/h2><div class=\"special-heading-border\"><div class=\"special-heading-inner-border\"><\/div><\/div><\/div>\n\n<style type=\"text\/css\" data-created_by=\"avia_inline_auto\" id=\"style-css-av-av_hr-a9acdf97bbd419658e2e185bbcb6a05e\">\n#top .hr.hr-invisible.av-av_hr-a9acdf97bbd419658e2e185bbcb6a05e{\nmargin-top:-50px;\nheight:1px;\n}\n<\/style>\n<div  class='hr av-av_hr-a9acdf97bbd419658e2e185bbcb6a05e hr-invisible  avia-builder-el-1  el_after_av_heading  el_before_av_slideshow '><span class='hr-inner '><span class=\"hr-inner-style\"><\/span><\/span><\/div>\n<div  class='avia-slideshow av-av_slideshow-4d318894a4aa1a1207bf5c5c2a0a86ed avia-slideshow-entry_without_sidebar av_slideshow avia-fade-slider  avia-builder-el-2  el_after_av_hr  el_before_av_textblock  av-slideshow-ui av-slideshow-autoplay av-loop-endless av-loop-manual-endless av-default-height-applied avia-slideshow-1' data-slideshow-options=\"{&quot;animation&quot;:&quot;fade&quot;,&quot;autoplay&quot;:true,&quot;loop_autoplay&quot;:&quot;endless&quot;,&quot;interval&quot;:5,&quot;loop_manual&quot;:&quot;manual-endless&quot;,&quot;autoplay_stopper&quot;:false,&quot;noNavigation&quot;:false,&quot;bg_slider&quot;:false,&quot;keep_padding&quot;:false,&quot;hoverpause&quot;:false,&quot;show_slide_delay&quot;:0}\"  itemprop=\"image\" itemscope=\"itemscope\" itemtype=\"https:\/\/schema.org\/ImageObject\" ><ul class='avia-slideshow-inner ' style='padding-bottom: 34.95867768595%;'><li  class='avia-slideshow-slide av-av_slideshow-4d318894a4aa1a1207bf5c5c2a0a86ed__0  slide-1 slide-odd'><div data-rel='slideshow-1' class='avia-slide-wrap '   ><img src='https:\/\/www.gut-stubbe.de\/mo\/uploads\/sites\/3\/MRS_0729_rs-a1.jpg' width='1210' height='423' title='Gut Stubbe Landwirtschaftsbetrieb' alt='Gut Stubbe Landwirtschaftsbetrieb'  itemprop=\"thumbnailUrl\"   \/><\/div><\/li><li  class='avia-slideshow-slide av-av_slideshow-4d318894a4aa1a1207bf5c5c2a0a86ed__1  slide-2 slide-even'><a href=\"https:\/\/www.gut-stubbe.de\/landwirtschaft\/aberdeen-angus.html\"  data-rel='slideshow-1' class='avia-slide-wrap '   ><img src='https:\/\/www.gut-stubbe.de\/mo\/uploads\/sites\/3\/1309StbZZ146-a.jpg' width='1210' height='423' title='Z' alt=''  itemprop=\"thumbnailUrl\"   \/><\/a><\/li><li  class='avia-slideshow-slide av-av_slideshow-4d318894a4aa1a1207bf5c5c2a0a86ed__2  slide-3 slide-odd'><a href=\"https:\/\/www.gut-stubbe.de\/landwirtschaft\/angler-sattelschwein.html\"  data-rel='slideshow-1' class='avia-slide-wrap '   ><img src='https:\/\/www.gut-stubbe.de\/mo\/uploads\/sites\/3\/MRS_0569_rs-a.jpg' width='1210' height='423' title='Gut Stubbe Landwirtschaftsbetrieb - Angler Sattelschwein' alt='Gut Stubbe Landwirtschaftsbetrieb - Angler Sattelschwein'  itemprop=\"thumbnailUrl\"   \/><\/a><\/li><li  class='avia-slideshow-slide av-av_slideshow-4d318894a4aa1a1207bf5c5c2a0a86ed__3  slide-4 slide-even'><a href=\"https:\/\/www.gut-stubbe.de\/landwirtschaft\/weidegaense.html\"  data-rel='slideshow-1' class='avia-slide-wrap '   ><img src='https:\/\/www.gut-stubbe.de\/mo\/uploads\/sites\/3\/MRS_0712_rs-a.jpg' width='1210' height='423' title='Gut Stubbe Landwirtschaftsbetrieb' alt='Gut Stubbe Landwirtschaftsbetrieb'  itemprop=\"thumbnailUrl\"   \/><\/a><\/li><li  class='avia-slideshow-slide av-av_slideshow-4d318894a4aa1a1207bf5c5c2a0a86ed__4  slide-5 slide-odd'><a href=\"https:\/\/www.gut-stubbe.de\/landwirtschaft\/aberdeen-angus.html\"  data-rel='slideshow-1' class='avia-slide-wrap '   ><img src='https:\/\/www.gut-stubbe.de\/mo\/uploads\/sites\/3\/MRS_0763_rs-2-a.jpg' width='1210' height='423' title='MRS_0763_rs-2-a' alt=''  itemprop=\"thumbnailUrl\"   \/><\/a><\/li><li  class='avia-slideshow-slide av-av_slideshow-4d318894a4aa1a1207bf5c5c2a0a86ed__5  slide-6 slide-even'><a href=\"https:\/\/www.gut-stubbe.de\/landwirtschaft\/masthaehnchen.html\"  data-rel='slideshow-1' class='avia-slide-wrap '   ><img src='https:\/\/www.gut-stubbe.de\/mo\/uploads\/sites\/3\/MRS_0476_rs-a-1210-1210x423.jpg' width='1210' height='423' title='H\u00fchnerhaltung auf Gut Stubbe' alt='H\u00fchnerhaltung auf Gut Stubbe'  itemprop=\"thumbnailUrl\"   \/><\/a><\/li><li  class='avia-slideshow-slide av-av_slideshow-4d318894a4aa1a1207bf5c5c2a0a86ed__6  slide-7 slide-odd'><div data-rel='slideshow-1' class='avia-slide-wrap '   ><img src='https:\/\/www.gut-stubbe.de\/mo\/uploads\/sites\/3\/IMG_2023-a-1210x423.jpg' width='1210' height='423' title='Pferde auf Gut Stubbe' alt='Pferde auf Gut Stubbe'  itemprop=\"thumbnailUrl\"   \/><\/div><\/li><\/ul><div class='avia-slideshow-arrows avia-slideshow-controls' ><a href='#prev' class='prev-slide ' aria-hidden='true' data-av_icon='\ue87c' data-av_iconfont='entypo-fontello'  tabindex='-1'>Zur\u00fcck<\/a><a href='#next' class='next-slide ' aria-hidden='true' data-av_icon='\ue87d' data-av_iconfont='entypo-fontello'  tabindex='-1'>Weiter<\/a><\/div><div class='avia-slideshow-dots avia-slideshow-controls'><a href='#1' class='goto-slide active' >1<\/a><a href='#2' class='goto-slide ' >2<\/a><a href='#3' class='goto-slide ' >3<\/a><a href='#4' class='goto-slide ' >4<\/a><a href='#5' class='goto-slide ' >5<\/a><a href='#6' class='goto-slide ' >6<\/a><a href='#7' class='goto-slide ' >7<\/a><\/div><\/div>\n<section  class='av_textblock_section av-av_textblock-0366cc7376be6c9e82a3e9cc8987b64f '   itemscope=\"itemscope\" itemtype=\"https:\/\/schema.org\/CreativeWork\" ><div class='avia_textblock'  itemprop=\"text\" ><p>Auf <strong>Gut Stubbe<\/strong> halten wir <strong>Rinder, Schweine, H\u00fchner und G\u00e4nse<\/strong>. Bei reichlich Platz, <strong>artgerechter Haltung<\/strong> und <strong>gutem Futter<\/strong> haben sie Zeit zu wachsen. Von der Herkunft \u00fcber <strong>Haltung und F\u00fctterung <\/strong>bis zu den einzelnen Produkten: wenn <strong>Qualit\u00e4t<\/strong> herauskommen soll, muss auch Qualit\u00e4t hineingesteckt werden. Weil das nicht in Massen geht, produzieren wir etwas weniger, aber sorgf\u00e4ltig und<strong> tiergerecht<\/strong>.<\/p>\n<\/div><\/section>\n\n<style type=\"text\/css\" data-created_by=\"avia_inline_auto\" id=\"style-css-av-av_one_third-99f05891b970c46e2309b72639198fe1\">\n.flex_column.av-av_one_third-99f05891b970c46e2309b72639198fe1{\nborder-radius:0px 0px 0px 0px;\npadding:0px 0px 0px 0px;\n}\n<\/style>\n<div  class='flex_column av-av_one_third-99f05891b970c46e2309b72639198fe1 av_one_third  avia-builder-el-4  el_after_av_textblock  el_before_av_one_third  first flex_column_div av-animated-generic left-to-right av-zero-column-padding  column-top-margin'     ><p>\n<style type=\"text\/css\" data-created_by=\"avia_inline_auto\" id=\"style-css-av-av_heading-8e5a86d0bfe36a90f4389c2cbf9e3083\">\n#top .av-special-heading.av-av_heading-8e5a86d0bfe36a90f4389c2cbf9e3083{\npadding-bottom:10px;\n}\nbody .av-special-heading.av-av_heading-8e5a86d0bfe36a90f4389c2cbf9e3083 .av-special-heading-tag .heading-char{\nfont-size:25px;\n}\n.av-special-heading.av-av_heading-8e5a86d0bfe36a90f4389c2cbf9e3083 .av-subheading{\nfont-size:15px;\n}\n<\/style>\n<div  class='av-special-heading av-av_heading-8e5a86d0bfe36a90f4389c2cbf9e3083 av-special-heading-h3 meta-heading  avia-builder-el-5  el_before_av_textblock  avia-builder-el-first '><h3 class='av-special-heading-tag '  itemprop=\"headline\"  >Aberdeen Angus Rinder<\/h3><div class=\"special-heading-border\"><div class=\"special-heading-inner-border\"><\/div><\/div><\/div><br \/>\n<section  class='av_textblock_section av-av_textblock-0366cc7376be6c9e82a3e9cc8987b64f '   itemscope=\"itemscope\" itemtype=\"https:\/\/schema.org\/CreativeWork\" ><div class='avia_textblock'  itemprop=\"text\" ><p>Die Rasse Aberdeen Angus wird weltweit wegen ihres zarten, saftigen und wohlschmeckenden Fleisches gesch\u00e4tzt. Langsam gereiftes, feinfaseriges und marmoriertes Rindfleisch aus Mutterkuhhaltung. Unsere Rinder erhalten ausschlie\u00dflich frisches Gras und Heu oder Heulage. Tiergerechte Weidehaltung sichert gesundes Wachstum.<\/p>\n<\/div><\/section><\/p><\/div>\n\n<style type=\"text\/css\" data-created_by=\"avia_inline_auto\" id=\"style-css-av-av_one_third-8e68d8f27afa3b61f52d4b37ac580f0b\">\n.flex_column.av-av_one_third-8e68d8f27afa3b61f52d4b37ac580f0b{\nborder-radius:0px 0px 0px 0px;\npadding:0px 0px 0px 0px;\n}\n<\/style>\n<div  class='flex_column av-av_one_third-8e68d8f27afa3b61f52d4b37ac580f0b av_one_third  avia-builder-el-7  el_after_av_one_third  el_before_av_one_third  flex_column_div av-animated-generic bottom-to-top av-zero-column-padding  column-top-margin'     ><p>\n<style type=\"text\/css\" data-created_by=\"avia_inline_auto\" id=\"style-css-av-av_heading-c6b8b13607356cdb242cf33fe0cf3b0c\">\n#top .av-special-heading.av-av_heading-c6b8b13607356cdb242cf33fe0cf3b0c{\npadding-bottom:10px;\n}\nbody .av-special-heading.av-av_heading-c6b8b13607356cdb242cf33fe0cf3b0c .av-special-heading-tag .heading-char{\nfont-size:25px;\n}\n.av-special-heading.av-av_heading-c6b8b13607356cdb242cf33fe0cf3b0c .av-subheading{\nfont-size:15px;\n}\n<\/style>\n<div  class='av-special-heading av-av_heading-c6b8b13607356cdb242cf33fe0cf3b0c av-special-heading-h3 meta-heading  avia-builder-el-8  el_before_av_textblock  avia-builder-el-first '><h3 class='av-special-heading-tag '  itemprop=\"headline\"  >Angler Sattelschweine<\/h3><div class=\"special-heading-border\"><div class=\"special-heading-inner-border\"><\/div><\/div><\/div><br \/>\n<section  class='av_textblock_section av-av_textblock-0366cc7376be6c9e82a3e9cc8987b64f '   itemscope=\"itemscope\" itemtype=\"https:\/\/schema.org\/CreativeWork\" ><div class='avia_textblock'  itemprop=\"text\" ><p>Unsere Schweine werden mit reinen Ackerfr\u00fcchten, Gem\u00fcse und Obst ern\u00e4hrt. Sie haben viel Platz und k\u00f6nnen frei w\u00e4hlen, ob sie im Stroh oder im Auslauf sein m\u00f6chten. Sie sind robust und gesund. Viel Bewegung, frische unklimatisierte Luft gepaart mit einer l\u00e4ngeren Mastdauer ergeben eine Top-Fleischqualit\u00e4t mit ausgezeichnetem Geschmack.<\/p>\n<\/div><\/section><\/p><\/div>\n\n<style type=\"text\/css\" data-created_by=\"avia_inline_auto\" id=\"style-css-av-av_one_third-11abe5390e81b92aae0ab88519713fdf\">\n.flex_column.av-av_one_third-11abe5390e81b92aae0ab88519713fdf{\nborder-radius:0px 0px 0px 0px;\npadding:0px 0px 0px 0px;\n}\n<\/style>\n<div  class='flex_column av-av_one_third-11abe5390e81b92aae0ab88519713fdf av_one_third  avia-builder-el-10  el_after_av_one_third  avia-builder-el-last  flex_column_div av-animated-generic right-to-left av-zero-column-padding  column-top-margin'     ><p>\n<style type=\"text\/css\" data-created_by=\"avia_inline_auto\" id=\"style-css-av-av_heading-f00aa22c77cb69df9b988d74e20df492\">\n#top .av-special-heading.av-av_heading-f00aa22c77cb69df9b988d74e20df492{\npadding-bottom:10px;\n}\nbody .av-special-heading.av-av_heading-f00aa22c77cb69df9b988d74e20df492 .av-special-heading-tag .heading-char{\nfont-size:25px;\n}\n.av-special-heading.av-av_heading-f00aa22c77cb69df9b988d74e20df492 .av-subheading{\nfont-size:15px;\n}\n<\/style>\n<div  class='av-special-heading av-av_heading-f00aa22c77cb69df9b988d74e20df492 av-special-heading-h3 meta-heading  avia-builder-el-11  el_before_av_textblock  avia-builder-el-first '><h3 class='av-special-heading-tag '  itemprop=\"headline\"  >Weihnachtsg\u00e4nse <span class='special_amp'>&amp;<\/span> H\u00fchner<\/h3><div class=\"special-heading-border\"><div class=\"special-heading-inner-border\"><\/div><\/div><\/div><br \/>\n<section  class='av_textblock_section av-av_textblock-0366cc7376be6c9e82a3e9cc8987b64f '   itemscope=\"itemscope\" itemtype=\"https:\/\/schema.org\/CreativeWork\" ><div class='avia_textblock'  itemprop=\"text\" ><p>Unsere G\u00e4nse sind tags\u00fcber auf unseren Weiden wo sie frisches Gras zupfen. Abends f\u00fcttern wir reines Getreide aus der Region zu. Unsere H\u00fchner d\u00fcrfen auf dem gesamten Hof und unseren Koppeln frei laufen. Der Geschmack ihrer Eier erz\u00e4hlt davon. Das alles sorgt f\u00fcr gesunde Tiere aus artgerechter Haltung.<\/p>\n<\/div><\/section><\/p><\/div>","protected":false},"excerpt":{"rendered":"","protected":false},"author":1,"featured_media":0,"parent":0,"menu_order":0,"comment_status":"closed","ping_status":"closed","template":"","meta":{"footnotes":""},"class_list":["post-2","page","type-page","status-publish","hentry"],"publishpress_future_action":{"enabled":false,"date":"2026-05-15 16:02:32","action":"change-status","newStatus":"draft","terms":[],"taxonomy":"","extraData":[]},"publishpress_future_workflow_manual_trigger":{"enabledWorkflows":[]},"_links":{"self":[{"href":"https:\/\/www.gut-stubbe.de\/landwirtschaft\/wp-json\/wp\/v2\/pages\/2","targetHints":{"allow":["GET"]}}],"collection":[{"href":"https:\/\/www.gut-stubbe.de\/landwirtschaft\/wp-json\/wp\/v2\/pages"}],"about":[{"href":"https:\/\/www.gut-stubbe.de\/landwirtschaft\/wp-json\/wp\/v2\/types\/page"}],"author":[{"embeddable":true,"href":"https:\/\/www.gut-stubbe.de\/landwirtschaft\/wp-json\/wp\/v2\/users\/1"}],"replies":[{"embeddable":true,"href":"https:\/\/www.gut-stubbe.de\/landwirtschaft\/wp-json\/wp\/v2\/comments?post=2"}],"version-history":[{"count":8,"href":"https:\/\/www.gut-stubbe.de\/landwirtschaft\/wp-json\/wp\/v2\/pages\/2\/revisions"}],"predecessor-version":[{"id":1041,"href":"https:\/\/www.gut-stubbe.de\/landwirtschaft\/wp-json\/wp\/v2\/pages\/2\/revisions\/1041"}],"wp:attachment":[{"href":"https:\/\/www.gut-stubbe.de\/landwirtschaft\/wp-json\/wp\/v2\/media?parent=2"}],"curies":[{"name":"wp","href":"https:\/\/api.w.org\/{rel}","templated":true}]}}